{"id":124,"date":"2015-07-26T23:27:05","date_gmt":"2015-07-26T21:27:05","guid":{"rendered":"http:\/\/stammoestringen.de\/?page_id=124"},"modified":"2015-08-15T12:07:01","modified_gmt":"2015-08-15T10:07:01","slug":"natur-umwelt","status":"publish","type":"page","link":"http:\/\/stammoestringen.de\/?page_id=124","title":{"rendered":"Natur &#038; Umwelt"},"content":{"rendered":"<table>\n<tbody>\n<tr>\n<td><a href=\"http:\/\/stammoestringen.de\/wp-content\/uploads\/2015\/07\/Natur01.jpg\"><img loading=\"lazy\" decoding=\"async\" class=\"alignright size-medium wp-image-320\" src=\"http:\/\/stammoestringen.de\/wp-content\/uploads\/2015\/07\/Natur01-300x200.jpg\" alt=\"Natur01\" width=\"300\" height=\"200\" srcset=\"http:\/\/stammoestringen.de\/wp-content\/uploads\/2015\/07\/Natur01-300x200.jpg 300w, http:\/\/stammoestringen.de\/wp-content\/uploads\/2015\/07\/Natur01.jpg 400w\" sizes=\"(max-width: 300px) 100vw, 300px\" \/><\/a><\/td>\n<td><\/td>\n<td><a href=\"http:\/\/stammoestringen.de\/wp-content\/uploads\/2015\/07\/Natur02.jpg\"><img loading=\"lazy\" decoding=\"async\" class=\"alignright size-medium wp-image-321\" src=\"http:\/\/stammoestringen.de\/wp-content\/uploads\/2015\/07\/Natur02-300x200.jpg\" alt=\"Natur02\" width=\"300\" height=\"200\" srcset=\"http:\/\/stammoestringen.de\/wp-content\/uploads\/2015\/07\/Natur02-300x200.jpg 300w, http:\/\/stammoestringen.de\/wp-content\/uploads\/2015\/07\/Natur02.jpg 400w\" sizes=\"(max-width: 300px) 100vw, 300px\" \/><\/a><\/td>\n<\/tr>\n<\/tbody>\n<\/table>\n<h3><span style=\"font-size: 24.0pt; font-family: Immenhausen; color: #1d4899; background-color: #ffcb04;\">Ich will die Natur kennenlernen und helfen, sie zu erhalten.<\/span><\/h3>\n<p>Das ist eine der Regeln, nach denen Pfadfinderinnen und Pfadfinder weltweit leben.<\/p>\n<p><b>Die sonst allgegenw\u00e4rtigen Bequemlichkeiten und medialen Reize verschwinden<\/b>: Ob Gruppenstunden, Lager oder Fahrten &#8211;\u00a0es gibt nur die Gruppe und die sie umgebende Natur.\u00a0So erleben wir den Wechsel von Nacht und Tag, den Wechsel des Wetters und sind auf das angewiesen, was wir mit uns tragen.<\/p>\n<p><b>V\u00f6gel singen, Bl\u00e4tter rauschen, Wolken ziehen zu einem weiteren Horizont:<\/b> Wir entdecken drau\u00dfen viele gro\u00dfe und kleine Dinge, die sonst durch W\u00e4nde, Hintergrundger\u00e4usche und versiegelte B\u00f6den nicht zu sehen, zu h\u00f6ren oder zu f\u00fchlen sind. Und nachts leuchten tausend Sterne.<\/p>\n<p><b>Verantwortung f\u00fcr die Natur ist mehr als eine Phase romantischer Schw\u00e4rmerei.<\/b> Was Pfadfinderinnen und Pfadfinder in der Gruppe lernen, ist alltagstauglich. So wie sie im Gruppenheim darauf achten, dass sie weder Wasser noch Energie verschwenden, sollen sie es auch zu Hause und \u00fcberall tun. Mit den Grenzen der Natur umgehen zu k\u00f6nnen, Anspr\u00fcche zu bescheiden und auf \u00dcberfl\u00fcssiges verzichten zu k\u00f6nnen: Das macht stark und unabh\u00e4ngig.<\/p>\n","protected":false},"excerpt":{"rendered":"<p>Ich will die Natur kennenlernen und helfen, sie zu erhalten. Das ist eine der Regeln, nach denen Pfadfinderinnen und Pfadfinder weltweit leben. Die sonst allgegenw\u00e4rtigen Bequemlichkeiten und medialen Reize verschwinden: Ob Gruppenstunden, Lager oder Fahrten &#8211;\u00a0es gibt nur die Gruppe und die sie umgebende Natur.\u00a0So erleben wir den Wechsel von Nacht und Tag, den Wechsel [&hellip;]<\/p>\n","protected":false},"author":1,"featured_media":0,"parent":0,"menu_order":0,"comment_status":"closed","ping_status":"closed","template":"","meta":{"footnotes":""},"class_list":["post-124","page","type-page","status-publish","hentry"],"_links":{"self":[{"href":"http:\/\/stammoestringen.de\/index.php?rest_route=\/wp\/v2\/pages\/124"}],"collection":[{"href":"http:\/\/stammoestringen.de\/index.php?rest_route=\/wp\/v2\/pages"}],"about":[{"href":"http:\/\/stammoestringen.de\/index.php?rest_route=\/wp\/v2\/types\/page"}],"author":[{"embeddable":true,"href":"http:\/\/stammoestringen.de\/index.php?rest_route=\/wp\/v2\/users\/1"}],"replies":[{"embeddable":true,"href":"http:\/\/stammoestringen.de\/index.php?rest_route=%2Fwp%2Fv2%2Fcomments&post=124"}],"version-history":[{"count":4,"href":"http:\/\/stammoestringen.de\/index.php?rest_route=\/wp\/v2\/pages\/124\/revisions"}],"predecessor-version":[{"id":361,"href":"http:\/\/stammoestringen.de\/index.php?rest_route=\/wp\/v2\/pages\/124\/revisions\/361"}],"wp:attachment":[{"href":"http:\/\/stammoestringen.de\/index.php?rest_route=%2Fwp%2Fv2%2Fmedia&parent=124"}],"curies":[{"name":"wp","href":"https:\/\/api.w.org\/{rel}","templated":true}]}}