{"id":137,"date":"2015-07-26T23:35:46","date_gmt":"2015-07-26T21:35:46","guid":{"rendered":"http:\/\/stammoestringen.de\/?page_id=137"},"modified":"2021-09-27T16:55:35","modified_gmt":"2021-09-27T14:55:35","slug":"von-6-bis-25-jahren-pfadfinden-ist-fuer-alle-da-2","status":"publish","type":"page","link":"http:\/\/stammoestringen.de\/?page_id=137","title":{"rendered":"Von 6 bis 25 Jahren: Pfadfinden ist f\u00fcr alle da"},"content":{"rendered":"<table style=\"width: 654px; background: #ffcb04 none repeat scroll 0% 0%; padding: 0cm 5.4pt; height: 208px;\" width=\"695\">\n<tbody>\n<tr>\n<td>\n<h3 style=\"text-align: left;\">W\u00f6lflinge:<\/h3>\n<p>&nbsp;<\/p>\n<h3 style=\"text-align: left;\">Auf den Spuren von Mowgli<\/h3>\n<\/td>\n<td><a href=\"http:\/\/stammoestringen.de\/wp-content\/uploads\/2015\/07\/image001.jpg\"><img loading=\"lazy\" decoding=\"async\" class=\"size-medium wp-image-264 alignright\" src=\"http:\/\/stammoestringen.de\/wp-content\/uploads\/2015\/07\/image001-300x200.jpg\" alt=\"image001\" width=\"300\" height=\"200\" srcset=\"http:\/\/stammoestringen.de\/wp-content\/uploads\/2015\/07\/image001-300x200.jpg 300w, http:\/\/stammoestringen.de\/wp-content\/uploads\/2015\/07\/image001.jpg 400w\" sizes=\"(max-width: 300px) 100vw, 300px\" \/><\/a><\/td>\n<\/tr>\n<\/tbody>\n<\/table>\n<p><strong>W\u00f6lflinge hei\u00dfen die Sechs- bis Elfj\u00e4hrigen<\/strong>,<br \/>\ndie sich Namen und Begriffe f\u00fcr das Leben in der Meute, ihrer Gruppe, aus dem<br \/>\n\u201eDschungelbuch\u201c von Rudyard Kipling entliehen haben.Mowgli m\u00fcssen sie lernen, sich in der Gruppe zurecht zu<br \/>\nfinden, Regeln f\u00fcr das Gruppenleben zu beachten, Aufgaben zu \u00fcbernehmen, auf<br \/>\nandere R\u00fccksicht zu nehmen und tolerant zu sein, aber auch ihrer Phantasie<br \/>\nfreien Lauf zu lassen.W\u00f6lflinge lieben wilde Spiele, toben, verkleiden sich gerne und k\u00f6nnen zum Basteln fast alles<br \/>\ngebrauchen, verwenden allt\u00e4gliche Gegenst\u00e4nde auf befremdliche Weise f\u00fcr nur<br \/>\nihnen n\u00fctzlich erscheinende Zwecke. Auf kurzen Fahrten erobern sie sich ihre<br \/>\nUmgebung und entdecken auf Lagern neue Orte.<br \/>\n<strong>Und woran erkennt man einen W\u00f6lfling?<\/strong><\/p>\n<p><strong>An seinem gelben Halstuch und am Wolfskopf auf seinem Hemd.<span style=\"font-family: Immenhausen;\">\u00a0 <\/span><\/strong><\/p>\n<p><span style=\"font-size: 24.0pt; font-family: Immenhausen; color: white;\">\u00a0<\/span><span style=\"font-size: 24.0pt; font-family: Immenhausen; color: white;\">nach dem Abenteuer<\/span><\/p>\n<table style=\"width: 630px; background: #1d4899 none repeat scroll 0% 0%; height: 206px;\" width=\"700\">\n<tbody>\n<tr>\n<td><strong><span style=\"font-size: 24pt; font-family: Immenhausen; color: #ffffff;\"> <span style=\"font-size: 24pt; font-family: Immenhausen; color: white;\"><span style=\"font-size: 24pt; font-family: Immenhausen; color: white;\">Pfadfinderinnen und Pfadfinder: <\/span><\/span><\/span><\/strong><br \/>\n<span style=\"color: #ffffff;\">Immer auf der Suche<\/span><\/td>\n<td style=\"width: 237.5pt; background: #1D4899; padding: 0cm 5.4pt 0cm 5.4pt;\" valign=\"top\" width=\"396\"><span style=\"font-size: 24.0pt; font-family: Immenhausen; color: white;\"><a href=\"http:\/\/stammoestringen.de\/wp-content\/uploads\/2015\/07\/image003.jpg\"><img loading=\"lazy\" decoding=\"async\" class=\" size-medium wp-image-265 alignright\" src=\"http:\/\/stammoestringen.de\/wp-content\/uploads\/2015\/07\/image003-300x200.jpg\" alt=\"image003\" width=\"300\" height=\"200\" srcset=\"http:\/\/stammoestringen.de\/wp-content\/uploads\/2015\/07\/image003-300x200.jpg 300w, http:\/\/stammoestringen.de\/wp-content\/uploads\/2015\/07\/image003.jpg 400w\" sizes=\"(max-width: 300px) 100vw, 300px\" \/><\/a> <\/span><\/td>\n<\/tr>\n<\/tbody>\n<\/table>\n<p>Pfadfinderinnen und Pfadfinder kennen keine Schranken, keine Grenzen,<\/p>\n<p><b>keine Hindernisse: Die <\/b><b>11- bis 15-J\u00e4hrigen<\/b> leben in der Sippe, so hei\u00dft in dieser Stufe eine kleine Gruppe von Kindern und Jugendlichen. Das Programm ihrer w\u00f6chentlichen Treffen ist abwechslungsreich: Sie lernen Knoten binden und Zelte aufbauen, sie basteln und singen, sie erkunden die Umgebung und engagieren sich sozial. <b>\u2026<\/b><\/p>\n<p><b>gehen mit der Sippe auf Fahrt<\/b> \u2013 am Wochenende oder in den Ferien, zu Fu\u00df, mit Rad, Flo\u00df oder Boot. Das gr\u00f6\u00dfte Abenteuer aber ist die Gro\u00dffahrt: Ziel kann der Harz sein, das schwedische Sm\u00e5land oder die Gletscher Islands \u2013 immer auf der Spur des Neuen und\u00a0Ungewissen. Stets lockt die Herausforderung, andere Menschen und Kulturen zu entdecken. Abends sitzen und singen die Jugendlichen am Lagerfeuer. Und woran erkennt man die \u201ePfadis\u201c, wie sie sich nennen?<br \/>\nAn ihrem blau-gelben Halstuch und dem Zeichen aus Kleeblatt und Lilie auf ihrem Hemd.<\/p>\n<p>&nbsp;<\/p>\n<table style=\"width: 649px; background: #b40404 none repeat scroll 0% 0%; padding: 0cm 5.4pt; height: 208px;\">\n<tbody>\n<tr>\n<td><strong><span style=\"font-size: 24.0pt; font-family: Immenhausen; color: #ffffff;\">Ranger und Rover:<\/span><\/strong><br \/>\n<strong><span style=\"color: #ffffff;\"> Spa\u00df an der Verantwortung<\/span><\/strong><\/td>\n<td><a href=\"http:\/\/stammoestringen.de\/wp-content\/uploads\/2015\/07\/image005.jpg\"><img loading=\"lazy\" decoding=\"async\" class=\" size-medium wp-image-266 alignright\" src=\"http:\/\/stammoestringen.de\/wp-content\/uploads\/2015\/07\/image005-300x200.jpg\" alt=\"image005\" width=\"300\" height=\"200\" srcset=\"http:\/\/stammoestringen.de\/wp-content\/uploads\/2015\/07\/image005-300x200.jpg 300w, http:\/\/stammoestringen.de\/wp-content\/uploads\/2015\/07\/image005.jpg 400w\" sizes=\"(max-width: 300px) 100vw, 300px\" \/><\/a><\/td>\n<\/tr>\n<\/tbody>\n<\/table>\n<p><strong>Ranger und Rover bringen sich mit ihren F\u00e4higkeiten ein:<\/strong> in der Gruppenleitung, bei der Fahrtenorganisation, der Kassenverwaltung oder in der Lagertechnik. Dabei wird eine ganze Menge von ihnen verlangt: Engagement, Einsatz, Zeit, Kompromissbereitschaft, Teamf\u00e4higkeit, Motivation und unendlich viel Geduld. Klingt anstrengend &#8211; doch die Ranger und Rover sind mit viel Spa\u00df dabei!<\/p>\n<p><strong>Ranger und Rover\u00a0machen das, was ihnen Spa\u00df macht<\/strong> &#8211; der Phantasie sind kaum Grenzen gesetzt.\u00a0<b>Ab 16 Jahren<\/b> kann jede und jeder Ranger oder Rover sein. Es entsteht ein kunterbunter Haufen, der von den Eigenarten und Talenten jedes Einzelnen lebt. Ranger und Rover streiten gerne, denn sie haben eine eigene Meinung. Ihre Arbeit ist demokratisch organisiert: Die Gruppe verteilt Aufgaben und trifft Entscheidungen gemeinsam.Und woran erkennt man Ranger und Rover?An dem rot-blauen \u201eR\/R\u201c-Abzeichen auf dem Hemd oder dem Halstuch.<\/p>\n","protected":false},"excerpt":{"rendered":"<p>W\u00f6lflinge: &nbsp; Auf den Spuren von Mowgli W\u00f6lflinge hei\u00dfen die Sechs- bis Elfj\u00e4hrigen, die sich Namen und Begriffe f\u00fcr das Leben in der Meute, ihrer Gruppe, aus dem \u201eDschungelbuch\u201c von Rudyard Kipling entliehen haben.Mowgli m\u00fcssen sie lernen, sich in der Gruppe zurecht zu finden, Regeln f\u00fcr das Gruppenleben zu beachten, Aufgaben zu \u00fcbernehmen, auf andere [&hellip;]<\/p>\n","protected":false},"author":1,"featured_media":0,"parent":0,"menu_order":0,"comment_status":"closed","ping_status":"closed","template":"","meta":{"footnotes":""},"class_list":["post-137","page","type-page","status-publish","hentry"],"_links":{"self":[{"href":"http:\/\/stammoestringen.de\/index.php?rest_route=\/wp\/v2\/pages\/137"}],"collection":[{"href":"http:\/\/stammoestringen.de\/index.php?rest_route=\/wp\/v2\/pages"}],"about":[{"href":"http:\/\/stammoestringen.de\/index.php?rest_route=\/wp\/v2\/types\/page"}],"author":[{"embeddable":true,"href":"http:\/\/stammoestringen.de\/index.php?rest_route=\/wp\/v2\/users\/1"}],"replies":[{"embeddable":true,"href":"http:\/\/stammoestringen.de\/index.php?rest_route=%2Fwp%2Fv2%2Fcomments&post=137"}],"version-history":[{"count":22,"href":"http:\/\/stammoestringen.de\/index.php?rest_route=\/wp\/v2\/pages\/137\/revisions"}],"predecessor-version":[{"id":576,"href":"http:\/\/stammoestringen.de\/index.php?rest_route=\/wp\/v2\/pages\/137\/revisions\/576"}],"wp:attachment":[{"href":"http:\/\/stammoestringen.de\/index.php?rest_route=%2Fwp%2Fv2%2Fmedia&parent=137"}],"curies":[{"name":"wp","href":"https:\/\/api.w.org\/{rel}","templated":true}]}}